{"id":296,"date":"2022-06-15T16:45:03","date_gmt":"2022-06-15T16:45:03","guid":{"rendered":"https:\/\/svdelcarmen.com.co\/index.php\/obituarios-2\/"},"modified":"2026-04-12T22:02:23","modified_gmt":"2026-04-12T22:02:23","slug":"obituarios-2","status":"publish","type":"page","link":"https:\/\/svdelcarmen.com.co\/index.php\/obituarios-2\/","title":{"rendered":"Obituarios"},"content":{"rendered":"\n    \n    <section class=\"u-clearfix u-image u-section-2\" id=\"carousel_e0a3\" data-image-width=\"1980\" data-image-height=\"1114\" style=\"background-image: url(&quot;https:\/\/svdelcarmen.com.co\/wp-content\/uploads\/2022\/06\/saeed-2.jpg&quot;);\">\n      <div class=\"u-clearfix u-layout-wrap u-layout-wrap-1\">\n        <div class=\"u-layout\">\n          <div class=\"u-layout-row\">\n            <div class=\"u-align-left u-container-align-left u-container-style u-layout-cell u-left-cell u-size-26-lg u-size-28-xl u-size-29-md u-size-29-sm u-size-29-xs u-layout-cell-1\">\n              <div class=\"u-container-layout u-valign-bottom-xs u-container-layout-1\">\n                <h1 class=\"u-align-center u-custom-font u-font-lato u-text u-text-body-alt-color u-text-1\">OBITUARIOS<br>\n                <\/h1>\n                <a href=\"https:\/\/svdelcarmen.com.co\/index.php\/obituarios-2\/#carousel_e0a3\" class=\"u-active-white u-align-center u-border-2 u-border-active-white u-border-hover-white u-border-white u-btn u-btn-round u-button-style u-hover-white u-none u-radius-30 u-btn-1\">VER M\u00c1S<span style=\"font-size: 1.25rem;\"><\/span>\n                <\/a>\n              <\/div>\n            <\/div>\n            <div class=\"u-container-style u-image u-layout-cell u-right-cell u-shape-rectangle u-size-31-md u-size-31-sm u-size-31-xs u-size-32-xl u-size-34-lg u-image-1\" data-image-width=\"1200\" data-image-height=\"949\" style=\"background-image: url(&quot;https:\/\/svdelcarmen.com.co\/wp-content\/uploads\/2022\/06\/sdf-min-2.jpg&quot;);\">\n              <div class=\"u-container-layout u-container-layout-2\"><\/div>\n            <\/div>\n          <\/div>\n        <\/div>\n      <\/div>\n    <\/section>\n    <section class=\"u-align-center u-clearfix u-container-align-center u-grey-10 u-section-3\" id=\"sec-d063\">\n      <div class=\"u-clearfix u-sheet u-sheet-1\">\n        <h1 class=\"u-align-center-md u-text u-text-custom-color-1 u-text-1\">Obituarios<\/h1>\n        <p class=\"u-text u-text-2\">Clic en la imagen para ampliar<\/p>\n        <div class=\"custom-expanded u-gallery u-layout-grid u-lightbox u-show-text-on-hover u-gallery-1\">\n          <div class=\"u-gallery-inner u-gallery-inner-1\">\n            <div class=\"u-effect-fade u-gallery-item u-radius-12 u-shape-round u-gallery-item-1\">\n              <div class=\"u-back-slide\" data-image-width=\"2000\" data-image-height=\"1326\">\n                <img decoding=\"async\" class=\"u-back-image u-expanded\" src=\"https:\/\/svdelcarmen.com.co\/wp-content\/uploads\/2026\/04\/1.png\">\n              <\/div>\n              <div class=\"u-over-slide u-shading u-over-slide-1\"><\/div>\n            <\/div>\n            <div class=\"u-effect-fade u-gallery-item u-radius-12 u-shape-round u-gallery-item-2\">\n              <div class=\"u-back-slide\" data-image-width=\"1182\" data-image-height=\"641\">\n                <img decoding=\"async\" class=\"u-back-image u-expanded\" src=\"https:\/\/svdelcarmen.com.co\/wp-content\/uploads\/2026\/04\/colina-2.CAMILA.png\">\n              <\/div>\n              <div class=\"u-over-slide u-shading u-over-slide-2\"><\/div>\n            <\/div>\n            <div class=\"u-effect-fade u-gallery-item u-radius-12 u-shape-round u-gallery-item-3\" data-image-width=\"1184\" data-image-height=\"711\">\n              <div class=\"u-back-slide u-back-slide-3\">\n                <img decoding=\"async\" class=\"u-back-image u-expanded u-back-image-3\" src=\"https:\/\/svdelcarmen.com.co\/wp-content\/uploads\/2025\/11\/olivos-cacua-1.jpg\">\n              <\/div>\n              <div class=\"u-over-slide u-shading u-over-slide-3\"><\/div>\n            <\/div>\n            <div class=\"u-effect-fade u-gallery-item u-radius-12 u-shape-round u-gallery-item-4\" data-image-width=\"1589\" data-image-height=\"1104\">\n              <div class=\"u-back-slide u-back-slide-4\">\n                <img decoding=\"async\" class=\"u-back-image u-expanded u-back-image-4\" src=\"https:\/\/svdelcarmen.com.co\/wp-content\/uploads\/2025\/11\/1.rosalba.jpg\">\n              <\/div>\n              <div class=\"u-over-slide u-shading u-over-slide-4\"><\/div>\n            <\/div>\n          <\/div>\n        <\/div>\n        <a href=\"https:\/\/api.whatsapp.com\/send?phone=573112513892\" class=\"u-btn u-btn-round u-button-style u-custom-color-1 u-hover-white u-radius-30 u-text-active-custom-color-1 u-text-hover-custom-color-1 u-text-white u-btn-1\" target=\"_blank\">entrega un bono<\/a>\n        <a href=\"https:\/\/api.whatsapp.com\/send?phone=573112513892\" class=\"u-btn u-btn-round u-button-style u-custom-color-1 u-hover-white u-radius-30 u-text-active-custom-color-1 u-text-hover-custom-color-1 u-text-white u-btn-2\" target=\"_blank\">SOLICITA p\u00f3liza exequial<\/a>\n        <a href=\"https:\/\/api.whatsapp.com\/send?phone=573112513892\" class=\"u-border-0 u-btn u-btn-round u-button-style u-custom-color-1 u-hover-white u-radius-30 u-text-active-custom-color-1 u-text-hover-custom-color-1 u-text-white u-btn-3\" target=\"_blank\">env\u00eda un arreglo floral<\/a>\n      <\/div>\n    <\/section>\n    <section class=\"u-clearfix u-custom-color-1 u-section-4\" id=\"sec-6d62\">\n      <div class=\"u-clearfix u-sheet u-sheet-1\">\n        <div class=\"u-clearfix u-expanded-width u-layout-wrap u-layout-wrap-1\">\n          <div class=\"u-gutter-0 u-layout\">\n            <div class=\"u-layout-col\">\n              <div class=\"u-align-center u-container-align-center u-container-style u-layout-cell u-size-30 u-layout-cell-1\">\n                <div class=\"u-container-layout u-valign-top u-container-layout-1\">\n                  <h1 class=\"u-text u-text-1\">\u00bfSufriste una p\u00e9rdida?<\/h1>\n                <\/div>\n              <\/div>\n              <div class=\"u-container-style u-layout-cell u-size-30 u-layout-cell-2\">\n                <div class=\"u-container-layout u-valign-top u-container-layout-2\">\n                  <p class=\"u-align-center u-text u-text-2\">Nuestros agentes est\u00e1n disponibles para brindarte en el proceso una atenci\u00f3n personalizada<\/p>\n                  <a href=\"https:\/\/svdelcarmen.com.co\/index.php\/inicio-2\/#carousel_5387\" class=\"u-btn u-btn-round u-button-style u-hover-custom-color-90 u-radius-30 u-text-custom-color-9 u-text-hover-white u-white u-btn-1\">cont\u00e1ctanos<\/a>\n                <\/div>\n              <\/div>\n            <\/div>\n          <\/div>\n        <\/div>\n      <\/div>\n    <\/section>\n    <section class=\"u-align-center u-clearfix u-container-align-center u-grey-10 u-section-5\" id=\"sec-3ab5\">\n      <div class=\"u-clearfix u-sheet u-sheet-1\">\n        <h1 class=\"u-align-center u-text u-text-custom-color-8 u-text-1\">Informaci\u00f3n de contacto<\/h1>\n        <div class=\"data-layout-selected u-clearfix u-expanded-width u-layout-wrap u-layout-wrap-1\">\n          <div class=\"u-layout\">\n            <div class=\"u-layout-col\">\n              <div class=\"u-size-60\">\n                <div class=\"u-layout-row\">\n                  <div class=\"u-align-center u-container-align-center u-container-style u-layout-cell u-left-cell u-size-14-lg u-size-15-sm u-size-15-xl u-size-15-xs u-size-30-md u-layout-cell-1\">\n                    <div class=\"u-container-layout u-valign-top u-container-layout-1\"><span class=\"u-icon u-icon-circle u-text-custom-color-8 u-icon-1\"><svg class=\"u-svg-link\" preserveAspectRatio=\"xMidYMin slice\" viewBox=\"0 0 512 512\" style=\"\"><use xlink:href=\"#svg-36e4\"><\/use><\/svg><svg class=\"u-svg-content\" viewBox=\"0 0 512 512\" x=\"0px\" y=\"0px\" id=\"svg-36e4\" style=\"enable-background:new 0 0 512 512;\"><g><g><path d=\"M256,0C153.755,0,70.573,83.182,70.573,185.426c0,126.888,165.939,313.167,173.004,321.035    c6.636,7.391,18.222,7.378,24.846,0c7.065-7.868,173.004-194.147,173.004-321.035C441.425,83.182,358.244,0,256,0z M256,278.719    c-51.442,0-93.292-41.851-93.292-93.293S204.559,92.134,256,92.134s93.291,41.851,93.291,93.293S307.441,278.719,256,278.719z\"><\/path>\n<\/g>\n<\/g><\/svg><\/span>\n                      <h6 class=\"u-text u-text-2\">DIRECCI\u00d3N<\/h6>\n                      <p class=\"u-text u-text-3\">Carrera 26 N\u00b0 44-14<br>El poblado Gir\u00f3n \n                      <\/p>\n                    <\/div>\n                  <\/div>\n                  <div class=\"u-align-center u-container-align-center u-container-style u-layout-cell u-size-13-lg u-size-15-sm u-size-15-xl u-size-15-xs u-size-30-md u-layout-cell-2\">\n                    <div class=\"u-container-layout u-valign-top-lg u-valign-top-md u-valign-top-sm u-valign-top-xs u-container-layout-2\"><span class=\"u-icon u-icon-circle u-text-custom-color-8 u-icon-2\"><svg class=\"u-svg-link\" preserveAspectRatio=\"xMidYMin slice\" viewBox=\"0 0 384 384\" style=\"\"><use xlink:href=\"#svg-03fe\"><\/use><\/svg><svg class=\"u-svg-content\" viewBox=\"0 0 384 384\" x=\"0px\" y=\"0px\" id=\"svg-03fe\" style=\"enable-background:new 0 0 384 384;\"><g><g><path d=\"M353.188,252.052c-23.51,0-46.594-3.677-68.469-10.906c-10.719-3.656-23.896-0.302-30.438,6.417l-43.177,32.594    c-50.073-26.729-80.917-57.563-107.281-107.26l31.635-42.052c8.219-8.208,11.167-20.198,7.635-31.448    c-7.26-21.99-10.948-45.063-10.948-68.583C132.146,13.823,118.323,0,101.333,0H30.813C13.823,0,0,13.823,0,30.813    C0,225.563,158.438,384,353.188,384c16.99,0,30.813-13.823,30.813-30.813v-70.323C384,265.875,370.177,252.052,353.188,252.052z\"><\/path>\n<\/g>\n<\/g><\/svg><\/span>\n                      <h6 class=\"u-text u-text-4\">TEL\u00c9FONOS<\/h6>\n                    <\/div>\n                  <\/div>\n                  <div class=\"u-container-style u-layout-cell u-size-14-lg u-size-14-sm u-size-14-xl u-size-14-xs u-size-30-md u-layout-cell-3\">\n                    <div class=\"u-container-layout u-valign-top u-container-layout-3\"><span class=\"u-icon u-icon-circle u-text-custom-color-8 u-icon-3\"><svg class=\"u-svg-link\" preserveAspectRatio=\"xMidYMin slice\" viewBox=\"0 0 60 60\" style=\"\"><use xmlns:xlink=\"http:\/\/www.w3.org\/1999\/xlink\" xlink:href=\"#svg-fa4b\"><\/use><\/svg><svg class=\"u-svg-content\" viewBox=\"0 0 60 60\" x=\"0px\" y=\"0px\" id=\"svg-fa4b\" style=\"enable-background:new 0 0 60 60;\"><g><path d=\"M56.612,4.569c-0.391-0.391-1.023-0.391-1.414,0s-0.391,1.023,0,1.414c3.736,3.736,3.736,9.815,0,13.552\n\t\tc-0.391,0.391-0.391,1.023,0,1.414c0.195,0.195,0.451,0.293,0.707,0.293s0.512-0.098,0.707-0.293\n\t\tC61.128,16.434,61.128,9.085,56.612,4.569z\"><\/path><path d=\"M52.401,6.845c-0.391-0.391-1.023-0.391-1.414,0s-0.391,1.023,0,1.414c1.237,1.237,1.918,2.885,1.918,4.639\n\t\ts-0.681,3.401-1.918,4.638c-0.391,0.391-0.391,1.023,0,1.414c0.195,0.195,0.451,0.293,0.707,0.293s0.512-0.098,0.707-0.293\n\t\tc1.615-1.614,2.504-3.764,2.504-6.052S54.017,8.459,52.401,6.845z\"><\/path><path d=\"M4.802,5.983c0.391-0.391,0.391-1.023,0-1.414s-1.023-0.391-1.414,0c-4.516,4.516-4.516,11.864,0,16.38\n\t\tc0.195,0.195,0.451,0.293,0.707,0.293s0.512-0.098,0.707-0.293c0.391-0.391,0.391-1.023,0-1.414\n\t\tC1.065,15.799,1.065,9.72,4.802,5.983z\"><\/path><path d=\"M9.013,6.569c-0.391-0.391-1.023-0.391-1.414,0c-1.615,1.614-2.504,3.764-2.504,6.052s0.889,4.438,2.504,6.053\n\t\tc0.195,0.195,0.451,0.293,0.707,0.293s0.512-0.098,0.707-0.293c0.391-0.391,0.391-1.023,0-1.414\n\t\tc-1.237-1.237-1.918-2.885-1.918-4.639S7.775,9.22,9.013,7.983C9.403,7.593,9.403,6.96,9.013,6.569z\"><\/path><circle cx=\"30\" cy=\"53\" r=\"2\"><\/circle><path d=\"M42.595,0H17.405C14.976,0,13,1.977,13,4.405v51.189C13,58.023,14.976,60,17.405,60h25.189C45.024,60,47,58.023,47,55.595\n\t\tV4.405C47,1.977,45.024,0,42.595,0z M33,3h1c0.552,0,1,0.447,1,1s-0.448,1-1,1h-1c-0.552,0-1-0.447-1-1S32.448,3,33,3z M26,3h4\n\t\tc0.552,0,1,0.447,1,1s-0.448,1-1,1h-4c-0.552,0-1-0.447-1-1S25.448,3,26,3z M30,57c-2.206,0-4-1.794-4-4s1.794-4,4-4s4,1.794,4,4\n\t\tS32.206,57,30,57z M45,46H15V8h30V46z\"><\/path>\n<\/g><\/svg><\/span>\n                      <h6 class=\"u-align-center u-text u-text-5\">n\u00b0 DE CELULAR<\/h6>\n                      <p class=\"u-align-center u-text u-text-6\">3112513892<br>3105695469<br>\n                      <\/p>\n                    <\/div>\n                  <\/div>\n                  <div class=\"u-container-style u-layout-cell u-right-cell u-size-16-sm u-size-16-xl u-size-16-xs u-size-19-lg u-size-30-md u-layout-cell-4\">\n                    <div class=\"u-container-layout u-valign-top u-container-layout-4\"><span class=\"u-icon u-icon-circle u-text-custom-color-8 u-icon-4\"><svg class=\"u-svg-link\" preserveAspectRatio=\"xMidYMin slice\" viewBox=\"0 0 512 512\" style=\"\"><use xlink:href=\"#svg-2b65\"><\/use><\/svg><svg class=\"u-svg-content\" viewBox=\"0 0 512 512\" x=\"0px\" y=\"0px\" id=\"svg-2b65\" style=\"enable-background:new 0 0 512 512;\"><g><g><path d=\"M467,61H45c-6.927,0-13.412,1.703-19.279,4.51L255,294.789l51.389-49.387c0,0,0.004-0.005,0.005-0.007    c0.001-0.002,0.005-0.004,0.005-0.004L486.286,65.514C480.418,62.705,473.929,61,467,61z\"><\/path>\n<\/g>\n<\/g><g><g><path d=\"M507.496,86.728L338.213,256.002L507.49,425.279c2.807-5.867,4.51-12.352,4.51-19.279V106    C512,99.077,510.301,92.593,507.496,86.728z\"><\/path>\n<\/g>\n<\/g><g><g><path d=\"M4.51,86.721C1.703,92.588,0,99.073,0,106v300c0,6.923,1.701,13.409,4.506,19.274L173.789,256L4.51,86.721z\"><\/path>\n<\/g>\n<\/g><g><g><path d=\"M317.002,277.213l-51.396,49.393c-2.93,2.93-6.768,4.395-10.605,4.395s-7.676-1.465-10.605-4.395L195,277.211    L25.714,446.486C31.582,449.295,38.071,451,45,451h422c6.927,0,13.412-1.703,19.279-4.51L317.002,277.213z\"><\/path>\n<\/g>\n<\/g><\/svg><\/span>\n                      <h6 class=\"u-align-center u-text u-text-7\">CORREOS ELECTR\u00d3NICOS<\/h6>\n                      <p class=\"u-align-center u-text u-text-8\">gerencia@svdelcarmen.com.co<br>servicios@svdelcarmen.com.co<br>exequias@svdelcarmen.com.co \n                      <\/p>\n                    <\/div>\n                  <\/div>\n                <\/div>\n              <\/div>\n            <\/div>\n          <\/div>\n        <\/div>\n      <\/div>\n    <\/section>\n    <section class=\"u-clearfix u-grey-light-2 u-typography-custom-page-typography-12--Map u-section-6\" id=\"sec-b2ed\">\n      <div class=\"u-expanded u-grey-light-2 u-map\">\n        <div class=\"embed-responsive\">\n          <iframe class=\"embed-responsive-item\" src=\"\/\/maps.google.com\/maps?output=embed&amp;q=Salas%20de%20Velaci%C3%B3n%20Nuestra%20Se%C3%B1ora%20del%20Carmen&amp;t=m\" data-map=\"JTdCJTIycG9zaXRpb25UeXBlJTIyJTNBJTIybWFwLWFkZHJlc3MlMjIlMkMlMjJhZGRyZXNzJTIyJTNBJTIyU2FsYXMlMjBkZSUyMFZlbGFjaSVDMyVCM24lMjBOdWVzdHJhJTIwU2UlQzMlQjFvcmElMjBkZWwlMjBDYXJtZW4lMjIlMkMlMjJ6b29tJTIyJTNBbnVsbCUyQyUyMnR5cGVJZCUyMiUzQSUyMnJvYWQlMjIlMkMlMjJsYW5nJTIyJTNBbnVsbCUyQyUyMmFwaUtleSUyMiUzQW51bGwlMkMlMjJtYXJrZXJzJTIyJTNBJTVCJTVEJTdE\"><\/iframe>\n        <\/div>\n      <\/div>\n    <\/section>\n    <section class=\"u-align-center u-clearfix u-container-align-center u-image u-shading u-section-7\" id=\"carousel_5387\" data-image-width=\"626\" data-image-height=\"452\" style=\"background-image: linear-gradient(0deg, rgba(94, 33, 41, 0.65), rgba(94, 33, 41, 0.65)), url(&quot;https:\/\/svdelcarmen.com.co\/wp-content\/uploads\/2022\/06\/img-contacto-2.jpg&quot;);\">\n      <div class=\"u-clearfix u-sheet u-sheet-1\">\n        <div class=\"u-container-style u-group u-white u-group-1\">\n          <div class=\"u-container-layout u-valign-middle u-container-layout-1\">\n            <h1 class=\"u-align-center u-text u-title u-text-1\">Cont\u00e1ctanos<\/h1>\n            <div class=\"u-expanded-width-sm u-expanded-width-xs u-form u-form-1\">\n              <form action=\"https:\/\/svdelcarmen.com.co\/wp-content\/plugins\/nicepage\/templates\/form.php?id=296&formId=6d5b-carousel_5387\" class=\"u-clearfix u-form-spacing-13 u-form-vertical u-inner-form\" style=\"padding: 0;\" source=\"customphp\" name=\"form\">\n                <div class=\"u-form-group u-form-partition-factor-2\">\n                  <label for=\"email-f18c\" class=\"u-label\">Nombres<\/label>\n                  <input type=\"text\" placeholder=\"\" id=\"email-f18c\" name=\"email\" class=\"u-grey-5 u-input u-input-rectangle u-input-1\" required=\"required\">\n                <\/div>\n                <div class=\"u-form-group u-form-name u-form-partition-factor-2\">\n                  <label for=\"name-f18c\" class=\"u-label\">Apellidos<\/label>\n                  <input type=\"text\" id=\"name-f18c\" name=\"name\" class=\"u-grey-5 u-input u-input-rectangle u-input-2\" required=\"\">\n                <\/div>\n                <div class=\"u-form-group u-form-partition-factor-2 u-form-phone u-form-group-3\">\n                  <label for=\"phone-cbff\" class=\"u-label\">Tel\u00e9fono<\/label>\n                  <input type=\"tel\" pattern=\"+?d{0,2}[s(-]?([0-9]{3})[s)-]?([s-]?)([0-9]{3})[s-]?([0-9]{2})[s-]?([0-9]{2})\" id=\"phone-cbff\" name=\"phone\" class=\"u-grey-5 u-input u-input-rectangle u-input-3\" required=\"\">\n                <\/div>\n                <div class=\"u-form-email u-form-group u-form-partition-factor-2 u-form-group-4\">\n                  <label for=\"date-33f9\" class=\"u-label\">Correo electr\u00f3nico<\/label>\n                  <input type=\"email\" placeholder=\"\" id=\"date-33f9\" name=\"date\" class=\"u-grey-5 u-input u-input-rectangle u-input-4\" required=\"required\">\n                <\/div>\n                <div class=\"u-form-group u-form-message u-form-group-5\">\n                  <label for=\"message-1015\" class=\"u-label\">Mensaje<\/label>\n                  <textarea rows=\"4\" cols=\"50\" id=\"message-1015\" name=\"message-1\" class=\"u-grey-5 u-input u-input-rectangle u-input-5\" required=\"\"><\/textarea>\n                <\/div>\n                <div class=\"u-align-center u-form-group u-form-submit\">\n                  <a href=\"#\" class=\"u-btn u-btn-round u-btn-submit u-button-style u-custom-color-1 u-radius-30 u-btn-1\">ENVIAR<\/a>\n                  <input type=\"submit\" value=\"submit\" class=\"u-form-control-hidden\">\n                <\/div>\n                <div class=\"u-form-send-message u-form-send-success\"> Thank you! Your message has been sent. <\/div>\n                <div class=\"u-form-send-error u-form-send-message\"> Unable to send your message. Please fix errors then try again. <\/div>\n                <input type=\"hidden\" value=\"\" name=\"recaptchaResponse\">\n              <\/form>\n            <\/div>\n          <\/div>\n        <\/div>\n      <\/div>\n    <\/section>\n    \n    \n    \n  \n","protected":false},"excerpt":{"rendered":"<p>OBITUARIOS VER M\u00c1S Obituarios Clic en la imagen para ampliar entrega un bono SOLICITA p\u00f3liza exequial env\u00eda un arreglo floral \u00bfSufriste una p\u00e9rdida? Nuestros agentes est\u00e1n disponibles para brindarte en el proceso una atenci\u00f3n personalizada cont\u00e1ctanos Informaci\u00f3n de contacto DIRECCI\u00d3N Carrera 26 N\u00b0 44-14El poblado Gir\u00f3n TEL\u00c9FONOS n\u00b0 DE CELULAR 31125138923105695469 CORREOS ELECTR\u00d3NICOS gerencia@svdelcarmen.com.coservicios@svdelcarmen.com.coexequias@svdelcarmen.com.co Cont\u00e1ctanos &hellip; <a href=\"https:\/\/svdelcarmen.com.co\/index.php\/obituarios-2\/\" class=\"more-link\">Continue reading<span class=\"screen-reader-text\"> \u00abObituarios\u00bb<\/span><\/a><\/p>\n","protected":false},"author":1,"featured_media":0,"parent":0,"menu_order":3,"comment_status":"closed","ping_status":"closed","template":"","meta":{"footnotes":""},"class_list":["post-296","page","type-page","status-publish","hentry"],"_links":{"self":[{"href":"https:\/\/svdelcarmen.com.co\/index.php\/wp-json\/wp\/v2\/pages\/296","targetHints":{"allow":["GET"]}}],"collection":[{"href":"https:\/\/svdelcarmen.com.co\/index.php\/wp-json\/wp\/v2\/pages"}],"about":[{"href":"https:\/\/svdelcarmen.com.co\/index.php\/wp-json\/wp\/v2\/types\/page"}],"author":[{"embeddable":true,"href":"https:\/\/svdelcarmen.com.co\/index.php\/wp-json\/wp\/v2\/users\/1"}],"replies":[{"embeddable":true,"href":"https:\/\/svdelcarmen.com.co\/index.php\/wp-json\/wp\/v2\/comments?post=296"}],"version-history":[{"count":8,"href":"https:\/\/svdelcarmen.com.co\/index.php\/wp-json\/wp\/v2\/pages\/296\/revisions"}],"predecessor-version":[{"id":958,"href":"https:\/\/svdelcarmen.com.co\/index.php\/wp-json\/wp\/v2\/pages\/296\/revisions\/958"}],"wp:attachment":[{"href":"https:\/\/svdelcarmen.com.co\/index.php\/wp-json\/wp\/v2\/media?parent=296"}],"curies":[{"name":"wp","href":"https:\/\/api.w.org\/{rel}","templated":true}]}}